{"id":24,"date":"2019-03-05T12:42:36","date_gmt":"2019-03-05T12:42:36","guid":{"rendered":"http:\/\/franziskabomski.de\/?page_id=24"},"modified":"2026-04-15T14:30:11","modified_gmt":"2026-04-15T14:30:11","slug":"vortraege","status":"publish","type":"page","link":"https:\/\/franziskabomski.de\/?page_id=24","title":{"rendered":"Vortr\u00e4ge"},"content":{"rendered":"\n<p>Laudatio f\u00fcr Dietmar Dath zur Verleihung des Alfred-Kerr-Preises f\u00fcr Literaturkritik 2026 \u2013 Leipziger Buchmesse, 19. M\u00e4rz 2026. <a href=\"https:\/\/mvb-online.de\/presse\/mitteilungen\/2026\/dietmar-dath-mit-dem-alfred-kerr-preis-fuer-literaturkritik-2026-ausgezeichnet\">Video und Text<\/a><\/p>\n\n\n\n<p>Autofiktion \u2013 Literaturwissenschaftliche \u00dcberlegungen zu Affordanz, Konjunktur und Geschichte an Beispielen der Post-DDR-Literatur \u2013 Fr\u00fchjahrstagung des Landesverbands deutscher Schriftstellerinnen und Schriftsteller Brandenburg, Blossin, 6.\u20137. M\u00e4rz 2026<\/p>\n\n\n\n<p>&#8222;Von den zwei Kulturen zu den <em>Literature and Science Studies<\/em> am Beispiel von Dietmar Daths&nbsp;<em>Dirac<\/em>&#8220; \u2013 <em>Grenzen und Grenzg\u00e4nge zwischen Literatur und Wissenschaft<\/em>. Symposium zum 60j\u00e4hrigen Bestehen der HHU und zur Ehrung des Germanisten der HHU Herbert Anton (1936\u20132023). Goethe-Museum D\u00fcsseldorf, 25.\u201326. November 2025.<\/p>\n\n\n\n<p>&#8222;Quantenphysik als soziale Utopie. Dietmar Daths biografische Fantasie <em>Dirac&#8220; <\/em>\u2013 <em>Literatur und Wissenschaften im Dialog<\/em>. Internationale Tagung, Zhejiang University, Hangzhou, 7.\u20138. November 2025.<\/p>\n\n\n\n<p>&#8222;R\u00fcckkehr nach Ostdeutschland. Umstrittene Zeitgenoss:innenschaft in der Post-DDR-Literatur&#8220; \u2013 <em>Zeitgenoss:innenschaften. Formen von Gegenwartsteilnahme<\/em>. Interdisziplin\u00e4re Tagung an der Universit\u00e4t Potsdam (10.\u201311. Juli 2025).<\/p>\n\n\n\n<p>Zus. mit Michael Knoche, Michaela Scheibe, Ulrike Steierwald und J\u00fcrgen Weber: Podiumsgespr\u00e4ch\/Buchvorstellung: <em>Sammeln nach 1998. Wie Provenienzforschung die Bibliotheken ver\u00e4ndert \u2013 <\/em>Klassik Stiftung Weimar\/Herzogin Anna Amalia Bibliothek (30. Mai 2024).<\/p>\n\n\n\n<p>&#8222;&#8218;Wie wir gelernt haben, still zu sein&#8216;. Kindheit im Schatten der DDR in Anne Rabes Roman <em>Die M\u00f6glichkeit von Gl\u00fcck&#8220; \u2013 Konjunktur der Kindheit. Streifz\u00fcge durch die deutschsprachige Gegenwartsliteratur<\/em>. Workshop am Einstein Forum, Potsdam (23. Mai 2024). <a href=\"https:\/\/www.einsteinforum.de\/veranstaltungen\/wie-wir-gelernt-haben-still-zu-sein-kindheit-im-schatten-der-ddr-in-anne-rabes-roman-die-moglichkeit-von-gluck\/\">Vortrag<\/a><\/p>\n\n\n\n<p>Zus. mit Andrea Albrecht: &#8222;Vom Wahren zum Wahrscheinlichen. Der Neue Mensch als Durchschnittling&#8220; \u2013 <em>Musils Wien. Tagung der Internationalen Robert-Musil-Gesellschaft<\/em>, Wien (29. September \u2013 1. Oktober 2022).<\/p>\n\n\n\n<p>&#8222;Von Zauberformeln und echter Wissenschaft. Bilder der Mathematik bei Goethe und Novalis&#8220; \u2013 <em>Kreuzfahrten des Geistes<\/em>. Vortragsreihe in Dahlmanns Bazar, Sassnitz (23. April 2022).<\/p>\n\n\n\n<p>Zus. mit Linda Hacka: &#8222;Herkunft als Aufgabe. Provenienzforschung in Potsdam und Weimar&#8220; \u2013 Rotary Club Kleinmachnow (20. Mai 2021).<\/p>\n\n\n\n<p>&#8222;The Fun of it. Zur \u00c4sthetik der fantastischen Kunst in Dietmar Daths <em>S\u00e4mmtlichen Gedichten<\/em>&#8220; \u2013 <em>In Verben Denken<\/em>. Tagung im Literaturforum im Brecht-Haus, Berlin (10. Oktober 2020).<\/p>\n\n\n\n<p>&#8222;The Art of Abstraction. Poetic Reflections on Mathematics&#8220; \u2013 <em>A Cultural History of Mathematics in the 18<sup>th<\/sup> Century<\/em>. Symposium am Einstein Forum, Potsdam (13.\u201314. Juni 2019).<\/p>\n\n\n\n<p>&#8222;Die Soziologie der Kunst auf dem Siebenten Deutschen Soziologentag (1930, Berlin)&#8220; \u2013 <em>Literatursoziologie. Zur Fr\u00fchgeschichte eines Forschungsparadigmas.<\/em> Tagung am Zentrum f\u00fcr interdisziplin\u00e4re Forschung, Bielefeld (18.\u201319. Januar 2019).<\/p>\n\n\n\n<p>Zus. mit Kathrin Polenz: &#8222;Von den \u00e4u\u00dferlichen Kennzeichen der Fossilien und philosophischen Steinen. Abraham Gottlob Werner und Friedrich von Hardenberg\/Novalis&#8220; \u2013 Forschungskolloquium der Klassik Stiftung Weimar (5.&nbsp;Dezember 2017).<\/p>\n\n\n\n<p>&#8222;Creating the Unity of Knowledge. Novalis and Mathematics&#8220; \u2013&nbsp;<em>Aesthetics of Mathematics \u2013 Mathematics of Aesthetics<\/em>. International Conference of the Swiss Society for Cultural Theory and Semiotics.&nbsp;Mendrisio (19.\u201320. Mai 2017).<\/p>\n\n\n\n<p>Zus. mit Anja Oesterhelt: &#8222;Goethes&nbsp;<em>Faust<\/em> im Exil: Dosio Kofflers&nbsp;<em>Die deutsche Walpurgisnacht<\/em> und Else Lasker-Sch\u00fclers&nbsp;<em>IchundIch&#8220; \u2013<\/em> <em>Goethe in der deutsch-j\u00fcdischen Kulturgeschichte<\/em>. Konferenz des Moses Mendelssohn Zentrums, des Zentrums J\u00fcdische Studien Berlin\u00ad-Brandenburg, der Klassik Stiftung Weimar und der Hochschule f\u00fcr Musik Franz Liszt Weimar. Weimar (7.\u201310. M\u00e4rz 2016).<\/p>\n\n\n\n<p>&#8222;Weimars Werte. Perspektiven der Provenienzforschung zu &#8218;NS-Raubgut&#8216; in der Klassik Stiftung&#8220; \u2013 <em>\u00dcberg\u00e4nge. Literaturwissenschaft zwischen Theorie und Text<\/em>. Mastertagung Literaturwissenschaft, Universit\u00e4t Stuttgart (5. Februar 2016).<\/p>\n\n\n\n<p>&#8222;\u00dcberindividuelle M\u00e4chte und die Idee des Menschen. Zu Paul Kluckhohns Romantikkonzeption&#8220; \u2013 <em>Humanum und Nihilismusgefahr. Funktionen des Humanismus-Konzepts 1930\u20131950<\/em>. Tagung, Friedrich-Schiller-Universit\u00e4t Jena (24.\u201326. September 2015).<\/p>\n\n\n\n<p>&#8222;Revolutionen des Weltsystems. Empirie und Kalk\u00fcl bei Kopernikus&#8220; \u2013 <em>Ordo inversus. Formen und Funktionen einer Denkfigur um 1800.<\/em> Tagung des Zentrums f\u00fcr Klassikforschung, Klassik Stiftung Weimar (26.\u201328.&nbsp;M\u00e4rz 2015).<\/p>\n\n\n\n<p>&#8222;&#8218;The real kind of intellectual adventure&#8216;. Mathematik und Narration bei David Foster Wallace&#8220; \u2013 <em>Am Ende der Wissensgeschichte? Zum erkenntniskritischen Potential literarischer Formverfahren<\/em>. Tagung, Westf\u00e4lische Wilhelms-Universit\u00e4t M\u00fcnster (4.\u20136. Dezember 2014).<\/p>\n\n\n\n<p>&#8222;Forschen und Bilden an der Klassik Stiftung Weimar&#8220; \u2013 <em>Praxisfelder der Germanistik<\/em>. Ringvorlesung, Friedrich-Schiller-Universit\u00e4t Jena&nbsp;&nbsp;(19. Mai 2014).<\/p>\n\n\n\n<p>&#8222;System in Bewegung. Bilder der Bildung bei Novalis&#8220; \u2013 <em>Genealogien der Natur und des Geistes.<\/em> Tagung des Zentrums f\u00fcr Klassikforschung, Klassik Stiftung Weimar (27.\u201329. M\u00e4rz 2014).<\/p>\n\n\n\n<p>&#8222;Der Untergang der Sonne im Klingsohr-M\u00e4rchen. Astronomie und Metaphysik bei Novalis&#8220; \u2013 <em>Die Entdeckung der Nacht. Wirklichkeitsaneignungen im Prozess der europ\u00e4ischen Aufkl\u00e4rung<\/em>. Tagung, Friedrich-Schiller-Universit\u00e4t Jena (6.\u20137. Juni 2013).<\/p>\n\n\n\n<p>&#8222;Klassisches Weimar. Zum Konzept des Weltkulturerbes&#8220; \u2013 <em>Die Rede vom Klassischen im 20.&nbsp;Jahrhundert. <\/em>Tagung des Zentrums f\u00fcr Klassikforschung, Klassik Stiftung Weimar (21.\u201323. M\u00e4rz 2013).<\/p>\n\n\n\n<p>&#8222;&#8218;Moskauer Adre\u00dfbuch&#8216;. Russland-Erinnerungen bei Christa Wolf&#8220; \u2013 <em>Erinnerung \u2013 Fremdheit \u2013 Engagement. Entwicklungstendenzen der deutschen und polnischen Literatur nach 1989\/90<\/em>. Tagung, Universit\u00e4t Wroclaw(7.\u20139. November 2012).<\/p>\n\n\n\n<p>&#8222;Mathematics in Novalis\u2019&nbsp;<em>Klingsohr-M\u00e4rchen<\/em>&#8220; \u2013 Juniata College (29. M\u00e4rz 2012).<\/p>\n\n\n\n<p>&#8222;Novalis, Musil und das Chaos der Literaturwissenschaften&#8220; \u2013 Brown Bag Series an der Washington University, St. Louis (18.&nbsp;November 2011).<\/p>\n\n\n\n<p>&#8222;Disproportionen. Zur chaostheoretischen Musil-Deutung&#8220; \u2013 <em>Kunst, Erkenntnis, Wissenschaft. Formen des Wissens von der Antike bis heute<\/em>. Tagung,&nbsp;Universit\u00e4t Vechta (23.\u201326. Februar 2011).<\/p>\n\n\n\n<p>Zus. mit Andrea Albrecht: &#8222;Chaos breaks across the lines&#8220; \u2013 Reading Group&nbsp;<em>Literature and Science<\/em>. Freiburg Institute for Advanced Studies&nbsp;&nbsp;(14. Januar 2011).<\/p>\n\n\n\n<p>&#8222;Vom ZahlenFantasiren. Novalis und die Mathematik&#8220; \u2013 <em>Exakte Phantasie. Historische, philosophische und kulturwissenschaftliche Reflexionen des Mathematischen<\/em>. Ringvorlesung, Albert-Ludwigs-Universit\u00e4t Freiburg (17. November 2010).<\/p>\n\n\n\n<p>&#8222;American Goddess \u2013 Amelia Earhart in Dietmar Daths&nbsp;<em>S\u00e4mmtlichen Gedichten&#8220; \u2013<\/em> <em>&#8218;Die amerikanischen G\u00f6tter&#8216;. Transatlantische Prozesse in der deutschsprachigen Popkultur seit 1949<\/em>. Tagung, Freiburg Institute for Advanced Studies (17.\u201318. September 2010).<\/p>\n\n\n\n<p>&#8222;Mimikry oder Integration? Zu Ilija Trojanows&nbsp;<em>Weltensammler&#8220; \u2013<\/em> V<em>ielheit und Einheit der Germanistik weltweit<\/em>. XII. Kongress der IVG in Warschau, Sektion 21: <em>Interkulturalit\u00e4t als Herausforderung und Forschungsparadigma der Literatur und Medienwissenschaft<\/em> (30.&nbsp;Juli\u20137.&nbsp;August 2010).<\/p>\n\n\n\n<p>&#8222;Analyse und Synthese in Novalis\u2019&nbsp;<em>Allgemeinem Brouillon&#8220; \u2013<\/em>Reading Group&nbsp;<em>Literature and Science<\/em>. Freiburg Institute for Advanced Studies (18.&nbsp;Juni 2009).<\/p>\n\n\n\n<p>&#8222;&#8218;Die Vereinigung von Seele und Wirtschaft&#8216;. Zur \u00d6konomie des rechten Lebens in Musils&nbsp;<em>Mann ohne Eigenschaften&#8220; \u2013<\/em> <em>Luxus. Die Ambivalenz des \u00dcberfl\u00fcssigen in der Moderne.<\/em> Tagung, Universit\u00e4t Basel&nbsp;&nbsp;(15.\u201317.&nbsp;Januar 2009).<\/p>\n\n\n\n<p>&#8222;&#8218;Verehrteste, das ist nicht so einfach wie bei der \u00c4pfelfrau!&#8216; Zufall und Durchschnitt in Musils&nbsp;<em>Mann ohne Eigenschaften&#8220; \u2013<\/em> Z<em>ahlen, Zeichen und Figuren. Mathematische Inspirationen in Kunst und Literatur.<\/em> Tagung, Freiburg Institute for Advanced Studies, School of Language &amp; Literature (14.\u201317. &nbsp;Oktober 2008).<\/p>\n\n\n\n<p>&#8222;Gestalten des Ich in Robert Musils Novelle&nbsp;<em>Die Amsel&#8220; \u2013<\/em> <em>Leib\/Seele \u2013 Geist\/Buchstabe. Dualismen in der \u00c4sthetik und den K\u00fcnsten um 1800 und 1900<\/em>. Abschlusstagung des&nbsp;Graduiertenkollegs&nbsp;<em>Klassizismus und Romantik<\/em>. Schloss Rauischholzhausen (8.\u201311. November 2006).<\/p>\n\n\n\n<p>&#8222;&#8218;Tapferkeitsluxus der reinen Ratio&#8216;. Die Mathematik im Denken und Dichten Robert Musils&#8220; \u2013 Ringvorlesung der Abteilung f\u00fcr Didaktik der Mathematik. Albert-Ludwigs-Universit\u00e4t Freiburg&nbsp;&nbsp;(25.&nbsp;Februar 2006).<\/p>\n\n\n\n<p><br><\/p>\n","protected":false},"excerpt":{"rendered":"<p>Laudatio f\u00fcr Dietmar Dath zur Verleihung des Alfred-Kerr-Preises f\u00fcr Literaturkritik 2026 \u2013 Leipziger Buchmesse, 19. M\u00e4rz 2026. Video und Text Autofiktion \u2013 Literaturwissenschaftliche \u00dcberlegungen zu Affordanz, Konjunktur und Geschichte an Beispielen der Post-DDR-Literatur \u2013 Fr\u00fchjahrstagung des Landesverbands deutscher Schriftstellerinnen und Schriftsteller Brandenburg, Blossin, 6.\u20137. M\u00e4rz 2026 &#8222;Von den zwei Kulturen zu den Literature and Science&#8230;<\/p>\n","protected":false},"author":1,"featured_media":0,"parent":0,"menu_order":3,"comment_status":"closed","ping_status":"closed","template":"","meta":{"footnotes":""},"class_list":["post-24","page","type-page","status-publish","hentry"],"_links":{"self":[{"href":"https:\/\/franziskabomski.de\/index.php?rest_route=\/wp\/v2\/pages\/24","targetHints":{"allow":["GET"]}}],"collection":[{"href":"https:\/\/franziskabomski.de\/index.php?rest_route=\/wp\/v2\/pages"}],"about":[{"href":"https:\/\/franziskabomski.de\/index.php?rest_route=\/wp\/v2\/types\/page"}],"author":[{"embeddable":true,"href":"https:\/\/franziskabomski.de\/index.php?rest_route=\/wp\/v2\/users\/1"}],"replies":[{"embeddable":true,"href":"https:\/\/franziskabomski.de\/index.php?rest_route=%2Fwp%2Fv2%2Fcomments&post=24"}],"version-history":[{"count":31,"href":"https:\/\/franziskabomski.de\/index.php?rest_route=\/wp\/v2\/pages\/24\/revisions"}],"predecessor-version":[{"id":546,"href":"https:\/\/franziskabomski.de\/index.php?rest_route=\/wp\/v2\/pages\/24\/revisions\/546"}],"wp:attachment":[{"href":"https:\/\/franziskabomski.de\/index.php?rest_route=%2Fwp%2Fv2%2Fmedia&parent=24"}],"curies":[{"name":"wp","href":"https:\/\/api.w.org\/{rel}","templated":true}]}}