{"id":26,"date":"2019-03-05T12:39:38","date_gmt":"2019-03-05T12:39:38","guid":{"rendered":"http:\/\/franziskabomski.de\/?page_id=26"},"modified":"2026-02-13T20:03:57","modified_gmt":"2026-02-13T20:03:57","slug":"organisation-und-lehre","status":"publish","type":"page","link":"https:\/\/franziskabomski.de\/?page_id=26","title":{"rendered":"Veranstaltungen"},"content":{"rendered":"\n<h1 class=\"wp-block-heading\">Tagungen<\/h1>\n\n\n\n<p>Zus. mit Amber Carpenter: <em>Von unscharfen Gr\u00f6\u00dfen und verschr\u00e4nkten Teilchen. Aufbruch ins n\u00e4chste Quantenjahrhundert<\/em>. Einstein Forum, Potsdam, 5.\u20136. Februar 2026.<br><a href=\"https:\/\/www.einsteinforum.de\/tagung\/von-unscharfen-grosen-und-verschrankten-teilchen-aufbruch-ins-nachste-quantenjahrhundert\/\">Programm<\/a><\/p>\n\n\n\n<p>Zus. mit Martin Schaad: <em>Konjunktur der Kindheit. Streifz\u00fcge durch die deutschsprachige Gegenwartsliteratur <\/em>(23. Mai 2024). Einstein Forum, Potsdam.<br><a href=\"https:\/\/www.einsteinforum.de\/tagung\/konjunktur-der-kindheit-streifzuge-durch-die-deutschsprachige-gegenwartsliteratur\/\" data-type=\"link\" data-id=\"https:\/\/www.einsteinforum.de\/tagung\/konjunktur-der-kindheit-streifzuge-durch-die-deutschsprachige-gegenwartsliteratur\/\">Programm<\/a><\/p>\n\n\n\n<p>Zus. mit Martin Schaad: <em>Koloniales Brandenburg. Orte, Spuren und Relikte<\/em>. Einstein Forum, Potsdam (7.\u20138. Dezember 2023). <a href=\"https:\/\/www.einsteinforum.de\/tagung\/koloniales-brandenburg-orte-spuren-und-relikte\/\" data-type=\"link\" data-id=\"https:\/\/www.einsteinforum.de\/tagung\/koloniales-brandenburg-orte-spuren-und-relikte\/\">Programm<\/a><\/p>\n\n\n\n<p><em>Inventur. Der Personalumbau in den ostdeutschen Wissenschaften nach 1989<\/em>. Einstein Forum, Potsdam (26.\u201327. Januar 2023). <a href=\"https:\/\/www.einsteinforum.de\/tagung\/inventur-der-personalumbau-in-den-ostdeutschen-wissenschaften-nach-1989\/\">Programm<\/a> <a href=\"https:\/\/www.faz.net\/aktuell\/wissen\/geist-soziales\/ostdeutscher-hochschulumbau-nur-nicht-weiter-im-text-herr-professor-19008267.html\">Bericht FAZ<\/a> <a href=\"https:\/\/www.hsozkult.de\/conferencereport\/id\/fdkn-138441\">Bericht H-Soz-Kult<\/a><\/p>\n\n\n\n<p>Zus. mit Andrea Albrecht: <em>Grabenk\u00e4mpfe und Br\u00fcckenschl\u00e4ge. Interdisziplinarit\u00e4t in der Praxis<\/em> (Online), Einstein Forum, Potsdam (6.\u20138. Mai 2021). <a href=\"https:\/\/einsteinforum.de\/tagung\/grabenkampfe-und-bruckenschlage-interdisziplinaritat-in-der-praxis\/\">Programm<\/a><\/p>\n\n\n\n<p><em>Heimat. Wo alles bleibt, wie es nie war<\/em> (Online), Einstein Forum, Potsdam (3.\u20135. Dezember 2020). <a href=\"https:\/\/einsteinforum.de\/tagung\/heimat-wo-alles-bleibt-wie-es-nie-war\/\" data-type=\"URL\" data-id=\"https:\/\/einsteinforum.de\/tagung\/heimat-wo-alles-bleibt-wie-es-nie-war\/\">Programm und Video-Dokumentation<\/a><\/p>\n\n\n\n<p>Zus. mit Maarten Bullynck: <em>A Cultural History of Mathematics in the 18<sup>th<\/sup>&nbsp;Century<\/em>. Einstein Forum, Potsdam (13.\u201314. Juni 2019). <a href=\"https:\/\/einsteinforum.de\/tagung\/a-cultural-history-of-mathematics-in-the-18th-century\/?lang=en\" data-type=\"URL\" data-id=\"https:\/\/einsteinforum.de\/tagung\/a-cultural-history-of-mathematics-in-the-18th-century\/?lang=en\">Programm<\/a><\/p>\n\n\n\n<p>Zus. mit Andrea Albrecht und Lutz Danneberg: <em>Ordo inversus.&nbsp;Formen und Funktionen einer Denkfigur um 1800<\/em>. Zentrum f\u00fcr Klassikforschung\/Klassik Stiftung Weimar (26.\u201328. M\u00e4rz 2015).<\/p>\n\n\n\n<p>Zus. mit R\u00fcdiger Haufe: <em>Hans Wahl im Kontext. Weimarer Kultureliten im Nationalsozialismus<\/em>. Klassik Stiftung Weimar (28.\u201329. November 2014).<\/p>\n\n\n\n<p>Zus. mit J\u00fcrgen Stolzenberg: <em>Genealogien der Natur und des Geistes<\/em>. Zentrum f\u00fcr Klassikforschung\/ Klassik Stiftung Weimar (27.\u201329. M\u00e4rz 2014).<\/p>\n\n\n\n<p>Zus. mit Gerda Wendermann: <em>Sondierungen: Weimar am Vorabend des Ersten Weltkriegs<\/em>. Klassik Stiftung Weimar (15.\u201317. Mai 2013).<\/p>\n\n\n\n<p><em>Links liegen lassen? Politische Tendenzen im literarischen Feld nach 1989<\/em>. Washington University in St. Louis, Department of Germanic Languages and Literatures (24.\u201325.&nbsp;Februar 2012).<\/p>\n\n\n\n<p>Zus. mit Stefan Suhr: <em>Fiktum versus Faktum? Die Mathematik in Literatur und Film des 20. und 21. Jahrhunderts<\/em>. Albert-Ludwigs-Universit\u00e4t Freiburg, Institut f\u00fcr Neuere Deutsche Literatur und Mathematisches Institut (19.\u201321. M\u00e4rz 2009).<br><\/p>\n\n\n\n<h1 class=\"wp-block-heading\">Lehre<\/h1>\n\n\n\n<figure class=\"wp-block-table is-style-stripes\"><table class=\"has-fixed-layout\"><tbody><tr><td>WS 2025\/2026<\/td><td><em>Text trifft Theorie. Literaturwissenschaftliche Methodenkompetenz in der Praxis<\/em><br>Seminar, Institut f\u00fcr Germanistik, Universit\u00e4t Potsdam<\/td><\/tr><tr><td>SoSe 2025<\/td><td><em>Von Zonenkindern und Baseballschl\u00e4gerjahren. Wende-Erz\u00e4hlungen<\/em><br>Seminar, Institut f\u00fcr Germanistik, Universit\u00e4t Potsdam<\/td><\/tr><tr><td>WS 2024\/2025<\/td><td>&#8222;Sich selbst (er)finden. Autofiktion zwischen Politik und Poetik&#8220; (6. Dezember 2024)<br>Vortrag in der Digitalen Heidelberger&nbsp;Vorlesungsreihe <em>Text trifft Theorie. Literaturwissenschaftliche Methodenwerkstatt<\/em>, Mumbai University<\/td><\/tr><tr><td>SoSe 2023<\/td><td>&#8222;Robert Musil. Genauigkeit und Seele&#8220; (5. Juli 2023) Gastvortrag im Seminar <em>Logik und \u00c4sthetik in der Moderne<\/em> von Andrea Albrecht, Universit\u00e4t Heidelberg<br><br>Zusammen mit Liu Yongquiang, Andrea Albrecht und Jens Krumeich: <br><em>Einf\u00fchrung in die Literaturwissenschaft<\/em><br>Digitale Heidelberger Vorlesungsreihe, Zhejiang Universit\u00e4t, Hangzhou<\/td><\/tr><tr><td>WS 2022 \/ 2023<\/td><td>&#8222;Uwe Tellkamps <em>Der Schlaf in den Uhren. Archipelagus I<\/em>&#8220; (20. Dezember 2022)<br>Gastvortrag im Seminar <em>Literatur im Umkreis der sog. Neuen Rechten<\/em> von Andrea Albrecht, Universit\u00e4t Heidelberg<br><br>&#8222;Autofiktion&#8220; (26. Oktober 2022)<br>Vortrag in der Digitalen Vorlesungsreihe <em>Text trifft Theorie. Literaturwissenschaftliche Methodenwerkstatt<\/em>, Hangzhou \u2013 Heidelberg<\/td><\/tr><tr><td>SoSe 2022<\/td><td>&#8222;Mathematik&#8220; (27. Juni 2022)<br>Vortrag in der Goethe-Ringvorlesung <em>&#8218;Sich kreuzende Stimmen&#8216;. Novalis, Friedrich Schlegel und die Romantik<\/em>, Goethe-Universit\u00e4t Frankfurt am Main<\/td><\/tr><tr><td>WS 2019 \/ 2020<\/td><td><em>Die Literatur in der DDR \u2013 Die DDR in der Literatur<\/em> (2.\u201313. September 2019)<br>Seminar\/Gastdozentur, Beihang University Beijing<\/td><\/tr><tr><td>SoSe 2015<\/td><td>Zus. mit Anja Oesterhelt:  <br><em>Goethes&nbsp;<\/em>Faust<em> unterm Hakenkreuz<\/em> \u2013<br>Proseminar, einschl. Weimar-Exkursion<br>Justus-Liebig-Universit\u00e4t Gie\u00dfen<br><br><em>Johann Wolfgang Goethe.  Werk \u2013 Wirkung \u2013 Nebenwirkung<\/em> (15.\u201326. Juni 2015)<br>Seminar\/Gastdozentur, Beihang University Beijing<\/td><\/tr><tr><td>WS 2014 \/ 2015<\/td><td>Zus. mit Thorsten Valk:<br><em>Goethes Werther \u2013 Werk und Wirkung<\/em> \u2013 Hauptseminar, Friedrich-Schiller-Universit\u00e4t Jena&nbsp;<\/td><\/tr><tr><td>SoSe 2014<\/td><td>Zus. mit Thorsten Valk:<br><em>Literatur und Krieg<\/em><br>Hauptseminar, Friedrich-Schiller-Universit\u00e4t Jena<\/td><\/tr><tr><td>WS 2013 \/ 2014<\/td><td>Zus. mit Andrea Albrecht und<br>Folker Metzger: <br><em>Sammeln, Ordnen, Wissen <br>in der Goethezeit<\/em><br>Seminar einschl. Weimar-Exkursion, Universit\u00e4t Stuttgart&nbsp;<\/td><\/tr><tr><td>SoSe 2013<\/td><td>Zus. mit Thorsten Valk:<br><em>Positionen der Gegenwartsliteratur<\/em><br>Hauptseminar, Friedrich-Schiller-Universit\u00e4t Jena&nbsp;<\/td><\/tr><tr><td>SoSe 2012<\/td><td><em>Einf\u00fchrung in die Literaturwissenschaft<\/em><br>Proseminar, Goethe-Universit\u00e4t Frankfurt a.M.<em><br><\/em><br><em>Das Erz\u00e4hlwerk Christa Wolfs<\/em><br>Proseminar, Goethe-Universit\u00e4t Frankfurt a.M.<br><br><em>Vom Historisch-Werden der DDR.  Literarische R\u00fcckblicke nach 2000<\/em><br>Hauptseminar, Goethe-Universit\u00e4t Frankfurt a.M.<\/td><\/tr><tr><td>Spring 2012<\/td><td><em>East German Literature after 1989<\/em><br>Undergraduate Course, Washington University St. Louis.&nbsp;<\/td><\/tr><tr><td>WS 2010 \/ 2011<\/td><td>zus. mit Andrea Albrecht,  Markus Junker, Ludger R\u00fcschendorf, Michael B\u00fcrker: <br><em>Exakte Phantasie.  Historische, philosophische und <br>kulturwissenschaftliche Reflexionen des Mathematischen<\/em><br>Ringvorlesung, Albert-Ludwigs-Universit\u00e4t Freiburg<\/td><\/tr><tr><td>SoSe 2010<\/td><td>zus. mit Andrea Albrecht: <br><em>Wissenschaftliches Schreiben \u00fcber <br>Gegenwartsliteratur<\/em><br>Proseminar, Albert-Ludwigs-Universit\u00e4t Freiburg<\/td><\/tr><tr><td>WS 2009 \/ 2010<\/td><td>zus. mit Andrea Albrecht: <br><em>Poesie und Wissen um 1800<\/em><br>Proseminar, Albert-Ludwigs-Universit\u00e4t Freiburg<\/td><\/tr><tr><td>WS 2007 \/ 2008<\/td><td><em>Erz\u00e4hlungen der Romantik<\/em><br>Undergraduate Course, Academic Year in Freiburg&nbsp;<\/td><\/tr><tr><td>SoSe 2007<\/td><td><em>Die deutsche Teilung und Einheit in Text und Film<\/em><br>Undergraduate Course einschl. Berlin-Exkursion, Academic Year in Freiburg&nbsp;<\/td><\/tr><tr><td>SoSe 2006<\/td><td><em>Robert Musil. Eine Einf\u00fchrung in sein Werk<\/em><br>Proseminar, Justus-Liebig-Universit\u00e4t Gie\u00dfen<\/td><\/tr><tr><td>Summer 2005<\/td><td><em>German Language, Literature, and Culture<\/em><br>Intensive Course einschl. Berlin-Exkursion, Yale University<\/td><\/tr><tr><td>Fall 2004\u2013<br>Spring 2005<\/td><td><em>Intermediate German<\/em><br>Undergraduate Course, Yale University<br><\/td><\/tr><\/tbody><\/table><\/figure>\n","protected":false},"excerpt":{"rendered":"<p>Tagungen Zus. mit Amber Carpenter: Von unscharfen Gr\u00f6\u00dfen und verschr\u00e4nkten Teilchen. Aufbruch ins n\u00e4chste Quantenjahrhundert. Einstein Forum, Potsdam, 5.\u20136. Februar 2026.Programm Zus. mit Martin Schaad: Konjunktur der Kindheit. Streifz\u00fcge durch die deutschsprachige Gegenwartsliteratur (23. Mai 2024). Einstein Forum, Potsdam.Programm Zus. mit Martin Schaad: Koloniales Brandenburg. Orte, Spuren und Relikte. Einstein Forum, Potsdam (7.\u20138. Dezember 2023)&#8230;.<\/p>\n","protected":false},"author":1,"featured_media":0,"parent":0,"menu_order":4,"comment_status":"closed","ping_status":"closed","template":"","meta":{"footnotes":""},"class_list":["post-26","page","type-page","status-publish","hentry"],"_links":{"self":[{"href":"https:\/\/franziskabomski.de\/index.php?rest_route=\/wp\/v2\/pages\/26","targetHints":{"allow":["GET"]}}],"collection":[{"href":"https:\/\/franziskabomski.de\/index.php?rest_route=\/wp\/v2\/pages"}],"about":[{"href":"https:\/\/franziskabomski.de\/index.php?rest_route=\/wp\/v2\/types\/page"}],"author":[{"embeddable":true,"href":"https:\/\/franziskabomski.de\/index.php?rest_route=\/wp\/v2\/users\/1"}],"replies":[{"embeddable":true,"href":"https:\/\/franziskabomski.de\/index.php?rest_route=%2Fwp%2Fv2%2Fcomments&post=26"}],"version-history":[{"count":47,"href":"https:\/\/franziskabomski.de\/index.php?rest_route=\/wp\/v2\/pages\/26\/revisions"}],"predecessor-version":[{"id":538,"href":"https:\/\/franziskabomski.de\/index.php?rest_route=\/wp\/v2\/pages\/26\/revisions\/538"}],"wp:attachment":[{"href":"https:\/\/franziskabomski.de\/index.php?rest_route=%2Fwp%2Fv2%2Fmedia&parent=26"}],"curies":[{"name":"wp","href":"https:\/\/api.w.org\/{rel}","templated":true}]}}